{"id":459,"date":"2024-03-25T11:35:55","date_gmt":"2024-03-25T11:35:55","guid":{"rendered":"https:\/\/ekoinwest.host218151.xce.pl\/?page_id=459"},"modified":"2024-03-25T12:24:00","modified_gmt":"2024-03-25T12:24:00","slug":"dla-akcjonariuszy","status":"publish","type":"page","link":"https:\/\/eko-inwest.com.pl\/en\/for-shareholders\/","title":{"rendered":"For shareholders"},"content":{"rendered":"<div data-elementor-type=\"wp-page\" data-elementor-id=\"459\" class=\"elementor elementor-459\" data-elementor-post-type=\"page\">\n\t\t\t\t<div class=\"elementor-element elementor-element-7e7a345 e-flex e-con-boxed e-con e-parent\" data-id=\"7e7a345\" data-element_type=\"container\">\n\t\t\t\t\t<div class=\"e-con-inner\">\n\t\t\t\t<div class=\"elementor-element elementor-element-2dc7d28 h2 elementor-widget elementor-widget-heading\" data-id=\"2dc7d28\" data-element_type=\"widget\" data-widget_type=\"heading.default\">\n\t\t\t\t<div class=\"elementor-widget-container\">\n\t\t\t<h2 class=\"elementor-heading-title elementor-size-default\">For shareholders<\/h2>\t\t<\/div>\n\t\t\t\t<\/div>\n\t\t\t\t\t<\/div>\n\t\t\t\t<\/div>\n\t\t<div class=\"elementor-element elementor-element-8b288c3 e-flex e-con-boxed e-con e-parent\" data-id=\"8b288c3\" data-element_type=\"container\">\n\t\t\t\t\t<div class=\"e-con-inner\">\n\t\t<div class=\"elementor-element elementor-element-805fd6e e-con-full e-flex e-con e-child\" data-id=\"805fd6e\" data-element_type=\"container\">\n\t\t\t\t<\/div>\n\t\t<div class=\"elementor-element elementor-element-b61e4d7 e-con-full e-flex e-con e-child\" data-id=\"b61e4d7\" data-element_type=\"container\" data-settings=\"{&quot;background_background&quot;:&quot;classic&quot;}\">\n\t\t\t\t<div class=\"elementor-element elementor-element-296a5c4 elementor-widget elementor-widget-heading\" data-id=\"296a5c4\" data-element_type=\"widget\" data-widget_type=\"heading.default\">\n\t\t\t\t<div class=\"elementor-widget-container\">\n\t\t\t<h2 class=\"elementor-heading-title elementor-size-default\">Log in<\/h2>\t\t<\/div>\n\t\t\t\t<\/div>\n\t\t\t\t<div class=\"elementor-element elementor-element-5cce832 elementor-button-align-center elementor-widget__width-initial elementor-widget elementor-widget-login\" data-id=\"5cce832\" data-element_type=\"widget\" data-widget_type=\"login.default\">\n\t\t\t\t<div class=\"elementor-widget-container\">\n\t\t\t\t\t<form class=\"elementor-login elementor-form\" method=\"post\" action=\"https:\/\/eko-inwest.com.pl\/wp-login.php\">\n\t\t\t<input type=\"hidden\" name=\"redirect_to\" value=\"\/dla-akcjonariuszy\/\">\n\t\t\t<div class=\"elementor-form-fields-wrapper\">\n\t\t\t\t<div class=\"elementor-field-type-text elementor-field-group elementor-column elementor-col-100 elementor-field-required\">\n\t\t\t\t\t<label for=\"user-5cce832\" class=\"elementor-field-label elementor-screen-only\">Username or Email Address<\/label>\n\t\t\t\t\t<input size=\"1\" type=\"text\" name=\"log\" id=\"user-5cce832\" placeholder=\"login\" class=\"elementor-field elementor-field-textual elementor-size-xs\">\n\t\t\t\t<\/div>\n\t\t\t\t<div class=\"elementor-field-type-text elementor-field-group elementor-column elementor-col-100 elementor-field-required\">\n\t\t\t\t\t<label for=\"password-5cce832\" class=\"elementor-field-label elementor-screen-only\">Password<\/label>\n\t\t\t\t\t<input size=\"1\" type=\"password\" name=\"pwd\" id=\"password-5cce832\" placeholder=\"password\" class=\"elementor-field elementor-field-textual elementor-size-xs\">\n\t\t\t\t<\/div>\n\n\t\t\t\t\n\t\t\t\t<div class=\"elementor-field-group elementor-column elementor-field-type-submit elementor-col-100\">\n\t\t\t\t\t<button type=\"submit\" class=\"elementor-size-sm elementor-button\" name=\"wp-submit\">\n\t\t\t\t\t\t\t\t\t\t\t\t\t\t\t<span class=\"elementor-button-text\">Log in<\/span>\n\t\t\t\t\t\t\t\t\t\t\t\t<\/button>\n\t\t\t\t<\/div>\n\n\t\t\t\t\t\t\t<\/div>\n\t\t<\/form>\n\t\t\t\t<\/div>\n\t\t\t\t<\/div>\n\t\t\t\t<\/div>\n\t\t<div class=\"elementor-element elementor-element-1f6c885 e-con-full e-flex e-con e-child\" data-id=\"1f6c885\" data-element_type=\"container\">\n\t\t\t\t<\/div>\n\t\t\t\t\t<\/div>\n\t\t\t\t<\/div>\n\t\t\t\t<\/div>","protected":false},"excerpt":{"rendered":"<p>Dla akcjonariuszy Zaloguj si\u0119 Na tej zak\u0142adce na\u00a0bie\u017c\u0105co b\u0119d\u0105 zamieszczane informacje dotycz\u0105ce m.in. planowanych walnych zgromadze\u0144 (wraz ze\u00a0szczeg\u00f3\u0142owym porz\u0105dkiem obrad), projekt\u00f3w uchwa\u0142, sprawozda\u0144 finansowych czy opinii bieg\u0142ych rewident\u00f3w.<\/p>","protected":false},"author":1,"featured_media":0,"parent":0,"menu_order":0,"comment_status":"closed","ping_status":"closed","template":"","meta":{"_acf_changed":false,"footnotes":""},"class_list":["post-459","page","type-page","status-publish","hentry"],"acf":[],"_links":{"self":[{"href":"https:\/\/eko-inwest.com.pl\/en\/wp-json\/wp\/v2\/pages\/459","targetHints":{"allow":["GET"]}}],"collection":[{"href":"https:\/\/eko-inwest.com.pl\/en\/wp-json\/wp\/v2\/pages"}],"about":[{"href":"https:\/\/eko-inwest.com.pl\/en\/wp-json\/wp\/v2\/types\/page"}],"author":[{"embeddable":true,"href":"https:\/\/eko-inwest.com.pl\/en\/wp-json\/wp\/v2\/users\/1"}],"replies":[{"embeddable":true,"href":"https:\/\/eko-inwest.com.pl\/en\/wp-json\/wp\/v2\/comments?post=459"}],"version-history":[{"count":61,"href":"https:\/\/eko-inwest.com.pl\/en\/wp-json\/wp\/v2\/pages\/459\/revisions"}],"predecessor-version":[{"id":545,"href":"https:\/\/eko-inwest.com.pl\/en\/wp-json\/wp\/v2\/pages\/459\/revisions\/545"}],"wp:attachment":[{"href":"https:\/\/eko-inwest.com.pl\/en\/wp-json\/wp\/v2\/media?parent=459"}],"curies":[{"name":"wp","href":"https:\/\/api.w.org\/{rel}","templated":true}]}}