{"id":144,"date":"2024-03-24T15:13:25","date_gmt":"2024-03-24T15:13:25","guid":{"rendered":"https:\/\/ekoinwest.host218151.xce.pl\/?page_id=144"},"modified":"2024-04-09T07:59:55","modified_gmt":"2024-04-09T07:59:55","slug":"konsultant","status":"publish","type":"page","link":"https:\/\/eko-inwest.com.pl\/en\/consultant\/","title":{"rendered":"Consultant"},"content":{"rendered":"<div data-elementor-type=\"wp-page\" data-elementor-id=\"144\" class=\"elementor elementor-144\" data-elementor-post-type=\"page\">\n\t\t\t\t<div class=\"elementor-element elementor-element-3a93150 e-flex e-con-boxed e-con e-parent\" data-id=\"3a93150\" data-element_type=\"container\" data-settings=\"{&quot;background_background&quot;:&quot;classic&quot;}\">\n\t\t\t\t\t<div class=\"e-con-inner\">\n\t\t\t\t<div class=\"elementor-element elementor-element-016bab5 h2 elementor-widget elementor-widget-heading\" data-id=\"016bab5\" data-element_type=\"widget\" data-widget_type=\"heading.default\">\n\t\t\t\t<div class=\"elementor-widget-container\">\n\t\t\t<h2 class=\"elementor-heading-title elementor-size-default\">Consultant<\/h2>\t\t<\/div>\n\t\t\t\t<\/div>\n\t\t\t\t<div class=\"elementor-element elementor-element-6b7fc4a elementor-widget elementor-widget-text-editor\" data-id=\"6b7fc4a\" data-element_type=\"widget\" data-widget_type=\"text-editor.default\">\n\t\t\t\t<div class=\"elementor-widget-container\">\n\t\t\t\t\t\t\t<p>In the context of construction contracts and projects, a consultant is usually a company or individual with specialist knowledge and experience in a particular field who provides advice or consultancy services to one of the parties to a construction contract, most commonly the developer.<br>The role of the consultant can vary depending on the specifics of the project and the needs of the client, but generally includes:<br><\/p>\n<ul>\n<li><b>Technical advice:<\/b> The consultant can provide advice related to design, execution, construction supervision, quality of workmanship, environmental engineering, etc.<\/li>\n<li><b>Research and analysis: <\/b>The consultant may carry out studies and analyses to assess the efficiency, feasibility or regulatory compliance of a project.<\/li>\n<li><b>Design support: <\/b>The consultant may be involved in the development of design documentation, technical specifications, cost estimates, etc.<\/li>\n<li><b>Supervision and control: <\/b>In some cases, the consultant may act as the developer's supervisor, exercising control over construction progress and ensuring compliance with design requirements.<\/li>\n<li><b>Expert reports and opinions: <\/b>The consultant may prepare technical expert reports, legal opinions or reports on specific aspects of the project.<\/li>\n<\/ul>\n<p>It is important to note that the role of the consultant can be varied and tailored to the specific needs of the project and the client's expectations. Consultants are often highly specialised in their field and are a valuable resource in the process of delivering complex construction and engineering projects.<\/p>\t\t\t\t\t\t<\/div>\n\t\t\t\t<\/div>\n\t\t\t\t\t<\/div>\n\t\t\t\t<\/div>\n\t\t\t\t<\/div>","protected":false},"excerpt":{"rendered":"<p>Konsultant W kontek\u015bcie um\u00f3w budowlanych i projekt\u00f3w, konsultant to zazwyczaj firma lub osoba posiadaj\u0105ca specjalistyczn\u0105 wiedz\u0119 i do\u015bwiadczenie w okre\u015blonej dziedzinie, kt\u00f3ra udziela porad lub \u015bwiadczy us\u0142ugi doradcze dla jednej ze stron umowy budowlanej, najcz\u0119\u015bciej dla inwestora.Rola konsultanta mo\u017ce by\u0107 r\u00f3\u017cnorodna w zale\u017cno\u015bci od specyfiki projektu i potrzeb klienta, ale og\u00f3lnie obejmuje: Doradztwo techniczne: Konsultant [&hellip;]<\/p>","protected":false},"author":1,"featured_media":0,"parent":0,"menu_order":0,"comment_status":"closed","ping_status":"closed","template":"","meta":{"_acf_changed":false,"footnotes":""},"class_list":["post-144","page","type-page","status-publish","hentry"],"acf":[],"_links":{"self":[{"href":"https:\/\/eko-inwest.com.pl\/en\/wp-json\/wp\/v2\/pages\/144","targetHints":{"allow":["GET"]}}],"collection":[{"href":"https:\/\/eko-inwest.com.pl\/en\/wp-json\/wp\/v2\/pages"}],"about":[{"href":"https:\/\/eko-inwest.com.pl\/en\/wp-json\/wp\/v2\/types\/page"}],"author":[{"embeddable":true,"href":"https:\/\/eko-inwest.com.pl\/en\/wp-json\/wp\/v2\/users\/1"}],"replies":[{"embeddable":true,"href":"https:\/\/eko-inwest.com.pl\/en\/wp-json\/wp\/v2\/comments?post=144"}],"version-history":[{"count":10,"href":"https:\/\/eko-inwest.com.pl\/en\/wp-json\/wp\/v2\/pages\/144\/revisions"}],"predecessor-version":[{"id":785,"href":"https:\/\/eko-inwest.com.pl\/en\/wp-json\/wp\/v2\/pages\/144\/revisions\/785"}],"wp:attachment":[{"href":"https:\/\/eko-inwest.com.pl\/en\/wp-json\/wp\/v2\/media?parent=144"}],"curies":[{"name":"wp","href":"https:\/\/api.w.org\/{rel}","templated":true}]}}