{"id":131,"date":"2024-03-24T15:09:38","date_gmt":"2024-03-24T15:09:38","guid":{"rendered":"https:\/\/ekoinwest.host218151.xce.pl\/?page_id=131"},"modified":"2024-09-27T10:29:05","modified_gmt":"2024-09-27T10:29:05","slug":"nadzor-inwestorski","status":"publish","type":"page","link":"https:\/\/eko-inwest.com.pl\/en\/investor-supervision\/","title":{"rendered":"Investor supervision"},"content":{"rendered":"<style>\/*! elementor - v3.20.0 - 20-03-2024 *\/\n.elementor-heading-title{padding:0;margin:0;line-height:1}.elementor-widget-heading .elementor-heading-title[class*=elementor-size-]>a{color:inherit;font-size:inherit;line-height:inherit}.elementor-widget-heading .elementor-heading-title.elementor-size-small{font-size:15px}.elementor-widget-heading .elementor-heading-title.elementor-size-medium{font-size:19px}.elementor-widget-heading .elementor-heading-title.elementor-size-large{font-size:29px}.elementor-widget-heading .elementor-heading-title.elementor-size-xl{font-size:39px}.elementor-widget-heading .elementor-heading-title.elementor-size-xxl{font-size:59px}<\/style>\n<h2>Investor supervision<br \/>\n<\/h2>\n<p>It is a service provided by specialists to ensure that construction work is carried out in accordance with designs, building regulations, standards and the investor's expectations. The obligation of investor supervision may be imposed by the administrative body issuing the construction permit.<br \/>The duties of supervisory inspectors are strictly defined in the Construction Law and can be extended in the contract with the developer.<br \/>The main tasks of investor supervision include:<\/p>\n<ol>\n<li><b>Monitoring the progress of the work:<\/b> Investor supervision includes regular inspections of the construction site to check that the work is going according to schedule and plan.<\/li>\n<li><b>Ensuring compliance with the design documentation:<\/b> Investor supervision verifies that the construction work is in accordance with the approved plans and technical specifications.<\/li>\n<li><b>Quality control:<\/b> The project supervisor oversees the quality of the materials and work carried out, ensuring compliance with industry norms and standards.<\/li>\n<li><b>Risk and problem management:<\/b> Investor supervision reacts to potential problems, early warnings and takes action to minimise the risk of delays or costs.<\/li>\n<li><b>Ensuring compliance with regulations and standards:<\/b> Investor supervision ensures compliance with applicable building regulations and technical standards.<\/li>\n<\/ol>\n<p>Construction investor supervision is crucial to ensure that a construction project runs properly and that the investor achieves the expected results. Thanks to regular inspection and supervision, many problems can be avoided and the quality of the completed work can be ensured.<\/p>","protected":false},"excerpt":{"rendered":"<p>Nadz\u00f3r inwestorski Jest to us\u0142uga \u015bwiadczona przez specjalist\u00f3w, kt\u00f3rzy maj\u0105 za zadanie zapewni\u0107, \u017ce prace budowlane s\u0105 wykonywane zgodnie z projektami, przepisami budowlanymi, normami oraz oczekiwaniami inwestora. Obowi\u0105zek nadzoru inwestorskiego mo\u017ce by\u0107 narzucony przez organ administracyjny wydaj\u0105cy pozwolenie na budow\u0119.Obowi\u0105zki inspektor\u00f3w nadzoru s\u0105 \u015bci\u015ble okre\u015blone w ustawie Prawo budowlane i mog\u0105 by\u0107 rozszerzone w umowie [&hellip;]<\/p>","protected":false},"author":1,"featured_media":0,"parent":0,"menu_order":0,"comment_status":"closed","ping_status":"closed","template":"","meta":{"_acf_changed":false,"footnotes":""},"class_list":["post-131","page","type-page","status-publish","hentry"],"acf":[],"_links":{"self":[{"href":"https:\/\/eko-inwest.com.pl\/en\/wp-json\/wp\/v2\/pages\/131","targetHints":{"allow":["GET"]}}],"collection":[{"href":"https:\/\/eko-inwest.com.pl\/en\/wp-json\/wp\/v2\/pages"}],"about":[{"href":"https:\/\/eko-inwest.com.pl\/en\/wp-json\/wp\/v2\/types\/page"}],"author":[{"embeddable":true,"href":"https:\/\/eko-inwest.com.pl\/en\/wp-json\/wp\/v2\/users\/1"}],"replies":[{"embeddable":true,"href":"https:\/\/eko-inwest.com.pl\/en\/wp-json\/wp\/v2\/comments?post=131"}],"version-history":[{"count":16,"href":"https:\/\/eko-inwest.com.pl\/en\/wp-json\/wp\/v2\/pages\/131\/revisions"}],"predecessor-version":[{"id":791,"href":"https:\/\/eko-inwest.com.pl\/en\/wp-json\/wp\/v2\/pages\/131\/revisions\/791"}],"wp:attachment":[{"href":"https:\/\/eko-inwest.com.pl\/en\/wp-json\/wp\/v2\/media?parent=131"}],"curies":[{"name":"wp","href":"https:\/\/api.w.org\/{rel}","templated":true}]}}